{"id":247,"date":"2018-09-16T00:17:28","date_gmt":"2018-09-15T21:17:28","guid":{"rendered":"https:\/\/ahmet.kirali.net\/blog\/?page_id=247"},"modified":"2018-09-16T00:56:47","modified_gmt":"2018-09-15T21:56:47","slug":"iletisim","status":"publish","type":"page","link":"https:\/\/ahmet.kirali.net\/blog\/iletisim\/","title":{"rendered":"\u0130leti\u015fim"},"content":{"rendered":"\n<p class=\"wp-block-paragraph\">A\u015fa\u011f\u0131daki formu kullanarak bana ula\u015fabilirsiniz.<br\/>En k\u0131sa zamanda taraf\u0131n\u0131za d\u00f6n\u00fc\u015f yapmaya \u00e7al\u0131\u015faca\u011f\u0131m.<\/p>\n\n\n\n<p class=\"wp-block-paragraph\"><div class=\"wpforms-container wpforms-container-full\" id=\"wpforms-248\"><form id=\"wpforms-form-248\" class=\"wpforms-validate wpforms-form\" data-formid=\"248\" method=\"post\" enctype=\"multipart\/form-data\" action=\"\/blog\/wp-json\/wp\/v2\/pages\/247\" data-token=\"de8abe46135e21dd3d0a71cd879e2ff4\" data-token-time=\"1775862483\"><noscript class=\"wpforms-error-noscript\">Bu formu bitirebilmek i\u00e7in taray\u0131c\u0131n\u0131zda JavaScript&#039;i etkinle\u015ftirin.<\/noscript><div class=\"wpforms-field-container\"><div id=\"wpforms-248-field_0-container\" class=\"wpforms-field wpforms-field-name\" data-field-id=\"0\"><label class=\"wpforms-field-label\" for=\"wpforms-248-field_0\">Ad \/ Soyad <span class=\"wpforms-required-label\">*<\/span><\/label><input type=\"text\" id=\"wpforms-248-field_0\" class=\"wpforms-field-medium wpforms-field-required\" name=\"wpforms[fields][0]\" placeholder=\"Ad\u0131n\u0131z\u0131 ve soyad\u0131n\u0131z\u0131 giriniz.\" required><\/div><div id=\"wpforms-248-field_1-container\" class=\"wpforms-field wpforms-field-email\" data-field-id=\"1\"><label class=\"wpforms-field-label\" for=\"wpforms-248-field_1\">E-Posta <span class=\"wpforms-required-label\">*<\/span><\/label><input type=\"email\" id=\"wpforms-248-field_1\" class=\"wpforms-field-medium wpforms-field-required\" name=\"wpforms[fields][1]\" placeholder=\"eposta@adresi.com\" spellcheck=\"false\" required><\/div><div id=\"wpforms-248-field_2-container\" class=\"wpforms-field wpforms-field-textarea\" data-field-id=\"2\"><label class=\"wpforms-field-label\" for=\"wpforms-248-field_2\">Mesaj \/ Soru \/ \u00d6neri \/ \u0130stek \/ Yorum <span class=\"wpforms-required-label\">*<\/span><\/label><textarea id=\"wpforms-248-field_2\" class=\"wpforms-field-medium wpforms-field-required\" name=\"wpforms[fields][2]\" placeholder=\"Mesaj\u0131n\u0131z\u0131 giriniz.\" required><\/textarea><\/div><\/div><!-- .wpforms-field-container --><div class=\"wpforms-field wpforms-field-hp\"><label for=\"wpforms-248-field-hp\" class=\"wpforms-field-label\">Name<\/label><input type=\"text\" name=\"wpforms[hp]\" id=\"wpforms-248-field-hp\" class=\"wpforms-field-medium\"><\/div><div class=\"wpforms-recaptcha-container wpforms-is-recaptcha wpforms-is-recaptcha-type-v2\" ><div class=\"g-recaptcha\" data-sitekey=\"6LfBv3EUAAAAAO3QgoeV3ShG2rxvZmjZpCUeRxzc\"><\/div><input type=\"text\" name=\"g-recaptcha-hidden\" class=\"wpforms-recaptcha-hidden\" style=\"position:absolute!important;clip:rect(0,0,0,0)!important;height:1px!important;width:1px!important;border:0!important;overflow:hidden!important;padding:0!important;margin:0!important;\" data-rule-recaptcha=\"1\"><\/div><div class=\"wpforms-submit-container\" ><input type=\"hidden\" name=\"wpforms[id]\" value=\"248\"><input type=\"hidden\" name=\"page_title\" value=\"\"><input type=\"hidden\" name=\"page_url\" value=\"https:\/\/ahmet.kirali.net\/blog\/wp-json\/wp\/v2\/pages\/247\"><input type=\"hidden\" name=\"url_referer\" value=\"\"><button type=\"submit\" name=\"wpforms[submit]\" id=\"wpforms-submit-248\" class=\"wpforms-submit\" data-alt-text=\"G\u00f6nderiliyor...\" data-submit-text=\"G\u00f6nder\" aria-live=\"assertive\" value=\"wpforms-submit\">G\u00f6nder<\/button><\/div><\/form><\/div>  <!-- .wpforms-container --><\/p>\n","protected":false},"excerpt":{"rendered":"<p>A\u015fa\u011f\u0131daki formu kullanarak bana ula\u015fabilirsiniz.En k\u0131sa zamanda taraf\u0131n\u0131za d\u00f6n\u00fc\u015f yapmaya \u00e7al\u0131\u015faca\u011f\u0131m.<\/p>\n","protected":false},"author":1,"featured_media":0,"parent":0,"menu_order":0,"comment_status":"closed","ping_status":"closed","template":"","meta":{"_crdt_document":"","neve_meta_sidebar":"","neve_meta_container":"","neve_meta_enable_content_width":"","neve_meta_content_width":0,"neve_meta_title_alignment":"","neve_meta_author_avatar":"","neve_post_elements_order":"","neve_meta_disable_header":"","neve_meta_disable_footer":"","neve_meta_disable_title":"","footnotes":""},"class_list":["post-247","page","type-page","status-publish","hentry"],"_links":{"self":[{"href":"https:\/\/ahmet.kirali.net\/blog\/wp-json\/wp\/v2\/pages\/247","targetHints":{"allow":["GET"]}}],"collection":[{"href":"https:\/\/ahmet.kirali.net\/blog\/wp-json\/wp\/v2\/pages"}],"about":[{"href":"https:\/\/ahmet.kirali.net\/blog\/wp-json\/wp\/v2\/types\/page"}],"author":[{"embeddable":true,"href":"https:\/\/ahmet.kirali.net\/blog\/wp-json\/wp\/v2\/users\/1"}],"replies":[{"embeddable":true,"href":"https:\/\/ahmet.kirali.net\/blog\/wp-json\/wp\/v2\/comments?post=247"}],"version-history":[{"count":3,"href":"https:\/\/ahmet.kirali.net\/blog\/wp-json\/wp\/v2\/pages\/247\/revisions"}],"predecessor-version":[{"id":253,"href":"https:\/\/ahmet.kirali.net\/blog\/wp-json\/wp\/v2\/pages\/247\/revisions\/253"}],"wp:attachment":[{"href":"https:\/\/ahmet.kirali.net\/blog\/wp-json\/wp\/v2\/media?parent=247"}],"curies":[{"name":"wp","href":"https:\/\/api.w.org\/{rel}","templated":true}]}}